{"id":38650,"date":"2023-11-22T23:17:19","date_gmt":"2023-11-22T22:17:19","guid":{"rendered":"https:\/\/smartpokerpro.com\/?page_id=38650"},"modified":"2023-11-22T23:32:11","modified_gmt":"2023-11-22T22:32:11","slug":"privacy-policy","status":"publish","type":"page","link":"https:\/\/smartpokerpro.com\/de\/datenschutzbestimmungen\/","title":{"rendered":"Datenschutzbestimmungen"},"content":{"rendered":"<style>.kb-row-layout-wrap.wp-block-kadence-rowlayout.kb-row-layout-id38650_b7d7b0-b0{margin-bottom:0px;}.kb-row-layout-id38650_b7d7b0-b0 > .kt-row-column-wrap{align-content:start;}:where(.kb-row-layout-id38650_b7d7b0-b0 > .kt-row-column-wrap) > .wp-block-kadence-column{justify-content:start;}.kb-row-layout-id38650_b7d7b0-b0 > .kt-row-column-wrap{column-gap:var(--global-kb-gap-md, 2rem);row-gap:var(--global-kb-gap-md, 2rem);max-width:var( --global-content-width, 1280px );padding-left:var(--global-content-edge-padding);padding-right:var(--global-content-edge-padding);padding-top:100px;padding-bottom:80px;grid-template-columns:minmax(0, 1fr);}.kb-row-layout-id38650_b7d7b0-b0{background-image:url('https:\/\/smartpokerpro.com\/wp-content\/uploads\/2023\/11\/privacy-policy.jpg');background-size:cover;background-position:51% 84%;background-attachment:scroll;background-repeat:no-repeat;}.kb-row-layout-id38650_b7d7b0-b0 > .kt-row-layout-overlay{opacity:0.60;background-color:var(--global-palette3, #1A202C);}@media all and (max-width: 1024px){.kb-row-layout-id38650_b7d7b0-b0 > .kt-row-column-wrap{grid-template-columns:minmax(0, 1fr);}}@media all and (max-width: 767px){.kb-row-layout-id38650_b7d7b0-b0 > .kt-row-column-wrap{grid-template-columns:minmax(0, 1fr);}}<\/style><div class=\"kb-row-layout-wrap kb-row-layout-id38650_b7d7b0-b0 aligncenter kt-row-has-bg wp-block-kadence-rowlayout\"><div class=\"kt-row-layout-overlay kt-row-overlay-normal\"><\/div><div class=\"kt-row-column-wrap kt-has-1-columns kt-row-layout-equal kt-tab-layout-inherit kt-mobile-layout-row kt-row-valign-top kb-theme-content-width\">\n<style>.kadence-column38650_fbb73d-47 > .kt-inside-inner-col,.kadence-column38650_fbb73d-47 > .kt-inside-inner-col:before{border-top-left-radius:0px;border-top-right-radius:0px;border-bottom-right-radius:0px;border-bottom-left-radius:0px;}.kadence-column38650_fbb73d-47 > .kt-inside-inner-col{column-gap:var(--global-kb-gap-sm, 1rem);}.kadence-column38650_fbb73d-47 > .kt-inside-inner-col{flex-direction:column;}.kadence-column38650_fbb73d-47 > .kt-inside-inner-col > .aligncenter{width:100%;}.kadence-column38650_fbb73d-47 > .kt-inside-inner-col:before{opacity:0.3;}.kadence-column38650_fbb73d-47{position:relative;}@media all and (max-width: 1024px){.kadence-column38650_fbb73d-47 > .kt-inside-inner-col{flex-direction:column;justify-content:center;}}@media all and (max-width: 767px){.kadence-column38650_fbb73d-47 > .kt-inside-inner-col{flex-direction:column;justify-content:center;}}<\/style>\n<div class=\"wp-block-kadence-column kadence-column38650_fbb73d-47 inner-column-1\"><div class=\"kt-inside-inner-col\"><style>.wp-block-kadence-advancedheading.kt-adv-heading38650_6fe0b0-4e, .wp-block-kadence-advancedheading.kt-adv-heading38650_6fe0b0-4e[data-kb-block=\"kb-adv-heading38650_6fe0b0-4e\"]{text-align:center;font-style:normal;}.wp-block-kadence-advancedheading.kt-adv-heading38650_6fe0b0-4e mark.kt-highlight, .wp-block-kadence-advancedheading.kt-adv-heading38650_6fe0b0-4e[data-kb-block=\"kb-adv-heading38650_6fe0b0-4e\"] mark.kt-highlight{font-style:normal;color:#f76a0c;-webkit-box-decoration-break:clone;box-decoration-break:clone;padding-top:0px;padding-right:0px;padding-bottom:0px;padding-left:0px;}.wp-block-kadence-advancedheading.kt-adv-heading38650_6fe0b0-4e img.kb-inline-image, .wp-block-kadence-advancedheading.kt-adv-heading38650_6fe0b0-4e[data-kb-block=\"kb-adv-heading38650_6fe0b0-4e\"] img.kb-inline-image{width:150px;vertical-align:baseline;}@media all and (max-width: 767px){.wp-block-kadence-advancedheading.kt-adv-heading38650_6fe0b0-4e, .wp-block-kadence-advancedheading.kt-adv-heading38650_6fe0b0-4e[data-kb-block=\"kb-adv-heading38650_6fe0b0-4e\"]{font-size:42px;}}<\/style>\n<h1 class=\"kt-adv-heading38650_6fe0b0-4e wp-block-kadence-advancedheading has-theme-palette-9-color has-text-color\" data-kb-block=\"kb-adv-heading38650_6fe0b0-4e\">Privacy policy<\/h1>\n\n\n<style>.wp-block-kadence-advancedheading.kt-adv-heading38650_f9825d-3b, .wp-block-kadence-advancedheading.kt-adv-heading38650_f9825d-3b[data-kb-block=\"kb-adv-heading38650_f9825d-3b\"]{text-align:center;font-style:normal;}.wp-block-kadence-advancedheading.kt-adv-heading38650_f9825d-3b mark.kt-highlight, .wp-block-kadence-advancedheading.kt-adv-heading38650_f9825d-3b[data-kb-block=\"kb-adv-heading38650_f9825d-3b\"] mark.kt-highlight{font-style:normal;color:#f76a0c;-webkit-box-decoration-break:clone;box-decoration-break:clone;padding-top:0px;padding-right:0px;padding-bottom:0px;padding-left:0px;}.wp-block-kadence-advancedheading.kt-adv-heading38650_f9825d-3b img.kb-inline-image, .wp-block-kadence-advancedheading.kt-adv-heading38650_f9825d-3b[data-kb-block=\"kb-adv-heading38650_f9825d-3b\"] img.kb-inline-image{width:150px;vertical-align:baseline;}<\/style>\n<p class=\"kt-adv-heading38650_f9825d-3b wp-block-kadence-advancedheading has-theme-palette-2-color has-text-color\" data-kb-block=\"kb-adv-heading38650_f9825d-3b\">Your Privacy Matters: At SmartPokerPro, We Respect and Protect Your Personal Information.<\/p>\n<\/div><\/div>\n\n<\/div><\/div>\n\n<style>.kb-row-layout-id38650_c6522a-c2 > .kt-row-column-wrap{align-content:start;}:where(.kb-row-layout-id38650_c6522a-c2 > .kt-row-column-wrap) > .wp-block-kadence-column{justify-content:start;}.kb-row-layout-id38650_c6522a-c2 > .kt-row-column-wrap{column-gap:var(--global-kb-gap-md, 2rem);row-gap:var(--global-kb-gap-md, 2rem);max-width:var( --global-content-width, 1280px );padding-left:var(--global-content-edge-padding);padding-right:var(--global-content-edge-padding);padding-top:100px;padding-bottom:100px;grid-template-columns:minmax(0, 1fr);}.kb-row-layout-id38650_c6522a-c2 > .kt-row-layout-overlay{opacity:0.30;}@media all and (max-width: 1024px){.kb-row-layout-id38650_c6522a-c2 > .kt-row-column-wrap{grid-template-columns:minmax(0, 1fr);}}@media all and (max-width: 767px){.kb-row-layout-id38650_c6522a-c2 > .kt-row-column-wrap{grid-template-columns:minmax(0, 1fr);}}<\/style><div class=\"kb-row-layout-wrap kb-row-layout-id38650_c6522a-c2 alignnone wp-block-kadence-rowlayout\"><div class=\"kt-row-column-wrap kt-has-1-columns kt-row-layout-equal kt-tab-layout-inherit kt-mobile-layout-row kt-row-valign-top kb-theme-content-width\">\n<style>.kadence-column38650_4edd8b-fd > .kt-inside-inner-col,.kadence-column38650_4edd8b-fd > .kt-inside-inner-col:before{border-top-left-radius:0px;border-top-right-radius:0px;border-bottom-right-radius:0px;border-bottom-left-radius:0px;}.kadence-column38650_4edd8b-fd > .kt-inside-inner-col{column-gap:var(--global-kb-gap-sm, 1rem);}.kadence-column38650_4edd8b-fd > .kt-inside-inner-col{flex-direction:column;}.kadence-column38650_4edd8b-fd > .kt-inside-inner-col > .aligncenter{width:100%;}.kadence-column38650_4edd8b-fd > .kt-inside-inner-col:before{opacity:0.3;}.kadence-column38650_4edd8b-fd{position:relative;}@media all and (max-width: 1024px){.kadence-column38650_4edd8b-fd > .kt-inside-inner-col{flex-direction:column;justify-content:center;}}@media all and (max-width: 767px){.kadence-column38650_4edd8b-fd > .kt-inside-inner-col{flex-direction:column;justify-content:center;}}<\/style>\n<div class=\"wp-block-kadence-column kadence-column38650_4edd8b-fd inner-column-1\"><div class=\"kt-inside-inner-col\">\n<h2 class=\"wp-block-heading\"><strong>SmartPokerPro Privacy Policy<\/strong><\/h2>\n\n\n\n<h3 class=\"wp-block-heading\"><strong>Introduction<\/strong><\/h3>\n\n\n\n<p>At SmartPokerPro, your privacy and personal information protection are our top priority. This policy outlines how we collect, use, and share your personal information when you use our website or make purchases.<\/p>\n\n\n\n<h3 class=\"wp-block-heading\"><strong>Information We Collect<\/strong><\/h3>\n\n\n\n<p>We collect your personal information such as name, email address, shipping address, billing address, and payment details during your purchases. We also gather non-personal information like your IP address, browser type, and device information during your site visits.<\/p>\n\n\n\n<h3 class=\"wp-block-heading\"><strong>Use of Your Information<\/strong><\/h3>\n\n\n\n<p>Your personal information is used to process your orders, communicate with you about your orders, and provide customer support. We may also use it to send you marketing communications, with the option to unsubscribe at any time.<\/p>\n\n\n\n<h3 class=\"wp-block-heading\"><strong>Sharing Your Information<\/strong><\/h3>\n\n\n\n<p>We do not sell, rent, or share your personal information with third parties for marketing purposes. Your information may be shared with trusted third-party service providers to execute your orders.<\/p>\n\n\n\n<h3 class=\"wp-block-heading\">Protecting Your Information<\/h3>\n\n\n\n<p>We take appropriate measures to protect your personal information against unauthorized access, use, or disclosure. Our site uses SSL encryption to secure all online transactions.<\/p>\n\n\n\n<h3 class=\"wp-block-heading\">Your Rights<\/h3>\n\n\n\n<p>You have the right to access, update, or delete your personal information at any time by contacting us. You also have the right to object to the processing of your personal information and withdraw your consent for the use of your information for marketing purposes.<\/p>\n\n\n\n<h3 class=\"wp-block-heading\">Privacy Policy Updates<\/h3>\n\n\n\n<p>This policy may be updated from time to time to reflect changes in our practices or legal obligations. We will post the updated policy on our website and encourage you to review it periodically.<\/p>\n\n\n\n<h3 class=\"wp-block-heading\"><strong>Contact Us<\/strong><\/h3>\n\n\n\n<p>If you have any questions or concerns about our Privacy Policy or how we handle your personal information, please contact us at <a href=\"mailto:info@smartpokerpro.com\">info@smartpokerpro.com<\/a>.<\/p>\n<\/div><\/div>\n\n<\/div><\/div>","protected":false},"excerpt":{"rendered":"<p>Datenschutzpolitik Ihre Privatsph\u00e4re ist uns wichtig: Wir bei SmartPokerPro respektieren und sch\u00fctzen Ihre pers\u00f6nlichen Daten. SmartPokerPro Datenschutzrichtlinie Einf\u00fchrung Bei SmartPokerPro haben Ihre Privatsph\u00e4re und der Schutz Ihrer pers\u00f6nlichen Daten h\u00f6chste Priorit\u00e4t. Diese Richtlinie umrei\u00dft, wie wir Ihre pers\u00f6nlichen Daten sammeln, verwenden und weitergeben, wenn Sie unsere Website nutzen oder Eink\u00e4ufe t\u00e4tigen. Informationen, die wir sammeln Wir sammeln...<\/p>","protected":false},"author":1,"featured_media":0,"parent":0,"menu_order":0,"comment_status":"closed","ping_status":"closed","template":"","meta":{"_kad_blocks_custom_css":"","_kad_blocks_head_custom_js":"","_kad_blocks_body_custom_js":"","_kad_blocks_footer_custom_js":"","_kad_post_transparent":"","_kad_post_title":"","_kad_post_layout":"","_kad_post_sidebar_id":"","_kad_post_content_style":"","_kad_post_vertical_padding":"","_kad_post_feature":"","_kad_post_feature_position":"","_kad_post_header":false,"_kad_post_footer":false,"_kad_post_classname":"","footnotes":""},"class_list":["post-38650","page","type-page","status-publish","hentry"],"featured_image_src":null,"taxonomy_info":[],"featured_image_src_large":false,"author_info":{"display_name":"didierrieder@gmail.com","author_link":"https:\/\/smartpokerpro.com\/de\/author\/didierriedergmail-com\/"},"comment_info":0,"_links":{"self":[{"href":"https:\/\/smartpokerpro.com\/de\/wp-json\/wp\/v2\/pages\/38650","targetHints":{"allow":["GET"]}}],"collection":[{"href":"https:\/\/smartpokerpro.com\/de\/wp-json\/wp\/v2\/pages"}],"about":[{"href":"https:\/\/smartpokerpro.com\/de\/wp-json\/wp\/v2\/types\/page"}],"author":[{"embeddable":true,"href":"https:\/\/smartpokerpro.com\/de\/wp-json\/wp\/v2\/users\/1"}],"replies":[{"embeddable":true,"href":"https:\/\/smartpokerpro.com\/de\/wp-json\/wp\/v2\/comments?post=38650"}],"version-history":[{"count":1,"href":"https:\/\/smartpokerpro.com\/de\/wp-json\/wp\/v2\/pages\/38650\/revisions"}],"predecessor-version":[{"id":41007,"href":"https:\/\/smartpokerpro.com\/de\/wp-json\/wp\/v2\/pages\/38650\/revisions\/41007"}],"wp:attachment":[{"href":"https:\/\/smartpokerpro.com\/de\/wp-json\/wp\/v2\/media?parent=38650"}],"curies":[{"name":"wp","href":"https:\/\/api.w.org\/{rel}","templated":true}]}}