{"id":38708,"date":"2023-11-23T23:30:12","date_gmt":"2023-11-23T22:30:12","guid":{"rendered":"https:\/\/smartpokerpro.com\/?page_id=38708"},"modified":"2023-11-23T23:30:16","modified_gmt":"2023-11-23T22:30:16","slug":"terms-and-conditions","status":"publish","type":"page","link":"https:\/\/smartpokerpro.com\/de\/bedingungen-und-konditionen\/","title":{"rendered":"Bedingungen und Konditionen"},"content":{"rendered":"<style>.kb-row-layout-wrap.wp-block-kadence-rowlayout.kb-row-layout-id38708_46f567-33{margin-bottom:0px;}.kb-row-layout-id38708_46f567-33 > .kt-row-column-wrap{align-content:start;}:where(.kb-row-layout-id38708_46f567-33 > .kt-row-column-wrap) > .wp-block-kadence-column{justify-content:start;}.kb-row-layout-id38708_46f567-33 > .kt-row-column-wrap{column-gap:var(--global-kb-gap-md, 2rem);row-gap:var(--global-kb-gap-md, 2rem);max-width:var( --global-content-width, 1280px );padding-left:var(--global-content-edge-padding);padding-right:var(--global-content-edge-padding);padding-top:100px;padding-bottom:80px;grid-template-columns:minmax(0, 1fr);}.kb-row-layout-id38708_46f567-33{background-image:url('https:\/\/smartpokerpro.com\/wp-content\/uploads\/2023\/11\/privacy-policy.jpg');background-size:cover;background-position:51% 84%;background-attachment:scroll;background-repeat:no-repeat;}.kb-row-layout-id38708_46f567-33 > .kt-row-layout-overlay{opacity:0.60;background-color:var(--global-palette3, #1A202C);}@media all and (max-width: 1024px){.kb-row-layout-id38708_46f567-33 > .kt-row-column-wrap{grid-template-columns:minmax(0, 1fr);}}@media all and (max-width: 767px){.kb-row-layout-id38708_46f567-33 > .kt-row-column-wrap{grid-template-columns:minmax(0, 1fr);}}<\/style><div class=\"kb-row-layout-wrap kb-row-layout-id38708_46f567-33 aligncenter kt-row-has-bg wp-block-kadence-rowlayout\"><div class=\"kt-row-layout-overlay kt-row-overlay-normal\"><\/div><div class=\"kt-row-column-wrap kt-has-1-columns kt-row-layout-equal kt-tab-layout-inherit kt-mobile-layout-row kt-row-valign-top kb-theme-content-width\">\n<style>.kadence-column38708_5367be-88 > .kt-inside-inner-col,.kadence-column38708_5367be-88 > .kt-inside-inner-col:before{border-top-left-radius:0px;border-top-right-radius:0px;border-bottom-right-radius:0px;border-bottom-left-radius:0px;}.kadence-column38708_5367be-88 > .kt-inside-inner-col{column-gap:var(--global-kb-gap-sm, 1rem);}.kadence-column38708_5367be-88 > .kt-inside-inner-col{flex-direction:column;}.kadence-column38708_5367be-88 > .kt-inside-inner-col > .aligncenter{width:100%;}.kadence-column38708_5367be-88 > .kt-inside-inner-col:before{opacity:0.3;}.kadence-column38708_5367be-88{position:relative;}@media all and (max-width: 1024px){.kadence-column38708_5367be-88 > .kt-inside-inner-col{flex-direction:column;justify-content:center;}}@media all and (max-width: 767px){.kadence-column38708_5367be-88 > .kt-inside-inner-col{flex-direction:column;justify-content:center;}}<\/style>\n<div class=\"wp-block-kadence-column kadence-column38708_5367be-88 inner-column-1\"><div class=\"kt-inside-inner-col\"><style>.wp-block-kadence-advancedheading.kt-adv-heading38708_f7cf9c-b3, .wp-block-kadence-advancedheading.kt-adv-heading38708_f7cf9c-b3[data-kb-block=\"kb-adv-heading38708_f7cf9c-b3\"]{text-align:center;font-style:normal;}.wp-block-kadence-advancedheading.kt-adv-heading38708_f7cf9c-b3 mark.kt-highlight, .wp-block-kadence-advancedheading.kt-adv-heading38708_f7cf9c-b3[data-kb-block=\"kb-adv-heading38708_f7cf9c-b3\"] mark.kt-highlight{font-style:normal;color:#f76a0c;-webkit-box-decoration-break:clone;box-decoration-break:clone;padding-top:0px;padding-right:0px;padding-bottom:0px;padding-left:0px;}.wp-block-kadence-advancedheading.kt-adv-heading38708_f7cf9c-b3 img.kb-inline-image, .wp-block-kadence-advancedheading.kt-adv-heading38708_f7cf9c-b3[data-kb-block=\"kb-adv-heading38708_f7cf9c-b3\"] img.kb-inline-image{width:150px;vertical-align:baseline;}@media all and (max-width: 767px){.wp-block-kadence-advancedheading.kt-adv-heading38708_f7cf9c-b3, .wp-block-kadence-advancedheading.kt-adv-heading38708_f7cf9c-b3[data-kb-block=\"kb-adv-heading38708_f7cf9c-b3\"]{font-size:42px;}}<\/style>\n<h1 class=\"kt-adv-heading38708_f7cf9c-b3 wp-block-kadence-advancedheading has-theme-palette-9-color has-text-color\" data-kb-block=\"kb-adv-heading38708_f7cf9c-b3\">Terms &amp; Conditions<\/h1>\n\n\n<style>.wp-block-kadence-advancedheading.kt-adv-heading38708_801f38-8f, .wp-block-kadence-advancedheading.kt-adv-heading38708_801f38-8f[data-kb-block=\"kb-adv-heading38708_801f38-8f\"]{text-align:center;font-style:normal;}.wp-block-kadence-advancedheading.kt-adv-heading38708_801f38-8f mark.kt-highlight, .wp-block-kadence-advancedheading.kt-adv-heading38708_801f38-8f[data-kb-block=\"kb-adv-heading38708_801f38-8f\"] mark.kt-highlight{font-style:normal;color:#f76a0c;-webkit-box-decoration-break:clone;box-decoration-break:clone;padding-top:0px;padding-right:0px;padding-bottom:0px;padding-left:0px;}.wp-block-kadence-advancedheading.kt-adv-heading38708_801f38-8f img.kb-inline-image, .wp-block-kadence-advancedheading.kt-adv-heading38708_801f38-8f[data-kb-block=\"kb-adv-heading38708_801f38-8f\"] img.kb-inline-image{width:150px;vertical-align:baseline;}<\/style>\n<p class=\"kt-adv-heading38708_801f38-8f wp-block-kadence-advancedheading has-theme-palette-2-color has-text-color\" data-kb-block=\"kb-adv-heading38708_801f38-8f\">Play Smart, Stay Informed: Discover the Rules of the Game with SmartPokerPro&#8217;s Terms and Conditions.<\/p>\n<\/div><\/div>\n\n<\/div><\/div>\n\n<style>.kb-row-layout-id38708_cdb4ee-f7 > .kt-row-column-wrap{align-content:start;}:where(.kb-row-layout-id38708_cdb4ee-f7 > .kt-row-column-wrap) > .wp-block-kadence-column{justify-content:start;}.kb-row-layout-id38708_cdb4ee-f7 > .kt-row-column-wrap{column-gap:var(--global-kb-gap-md, 2rem);row-gap:var(--global-kb-gap-md, 2rem);max-width:var( --global-content-width, 1280px );padding-left:var(--global-content-edge-padding);padding-right:var(--global-content-edge-padding);padding-top:100px;padding-bottom:100px;grid-template-columns:minmax(0, 1fr);}.kb-row-layout-id38708_cdb4ee-f7 > .kt-row-layout-overlay{opacity:0.30;}@media all and (max-width: 1024px){.kb-row-layout-id38708_cdb4ee-f7 > .kt-row-column-wrap{grid-template-columns:minmax(0, 1fr);}}@media all and (max-width: 767px){.kb-row-layout-id38708_cdb4ee-f7 > .kt-row-column-wrap{grid-template-columns:minmax(0, 1fr);}}<\/style><div class=\"kb-row-layout-wrap kb-row-layout-id38708_cdb4ee-f7 alignnone wp-block-kadence-rowlayout\"><div class=\"kt-row-column-wrap kt-has-1-columns kt-row-layout-equal kt-tab-layout-inherit kt-mobile-layout-row kt-row-valign-top kb-theme-content-width\">\n<style>.kadence-column38708_0fa57d-53 > .kt-inside-inner-col,.kadence-column38708_0fa57d-53 > .kt-inside-inner-col:before{border-top-left-radius:0px;border-top-right-radius:0px;border-bottom-right-radius:0px;border-bottom-left-radius:0px;}.kadence-column38708_0fa57d-53 > .kt-inside-inner-col{column-gap:var(--global-kb-gap-sm, 1rem);}.kadence-column38708_0fa57d-53 > .kt-inside-inner-col{flex-direction:column;}.kadence-column38708_0fa57d-53 > .kt-inside-inner-col > .aligncenter{width:100%;}.kadence-column38708_0fa57d-53 > .kt-inside-inner-col:before{opacity:0.3;}.kadence-column38708_0fa57d-53{position:relative;}@media all and (max-width: 1024px){.kadence-column38708_0fa57d-53 > .kt-inside-inner-col{flex-direction:column;justify-content:center;}}@media all and (max-width: 767px){.kadence-column38708_0fa57d-53 > .kt-inside-inner-col{flex-direction:column;justify-content:center;}}<\/style>\n<div class=\"wp-block-kadence-column kadence-column38708_0fa57d-53 inner-column-1\"><div class=\"kt-inside-inner-col\">\n<h2 class=\"wp-block-heading\"><strong><strong>SmartPokerPro Terms and Conditions<\/strong><\/strong><\/h2>\n\n\n\n<h3 class=\"wp-block-heading\"><strong>Introduction<\/strong><\/h3>\n\n\n\n<p>Welcome to SmartPokerPro. By using our website and services, you agree to these terms and conditions.<\/p>\n\n\n\n<h3 class=\"wp-block-heading\"><strong>Eligibility<\/strong><\/h3>\n\n\n\n<p>You must be at least 18 years old to use our services. By registering or making a purchase, you confirm that you meet this age requirement.<\/p>\n\n\n\n<h3 class=\"wp-block-heading\"><strong>Purchasing<\/strong><\/h3>\n\n\n\n<p>When you buy an item from SmartPokerPro, you agree to our terms of sale, including that you are responsible for reading the full item listing before committing to buy.<\/p>\n\n\n\n<h3 class=\"wp-block-heading\"><strong>Product Prices and Descriptions<\/strong><\/h3>\n\n\n\n<p>Prices for products on our website are subject to change without notice. We strive to display the products accurately, but cannot guarantee that your device&#8217;s display will accurately reflect the product&#8217;s colors.<\/p>\n\n\n\n<h3 class=\"wp-block-heading\"><strong>Shipping and Delivery<\/strong><\/h3>\n\n\n\n<p>We make every effort to deliver products as quickly and accurately as possible. However, we are not responsible for delays or errors in delivery.<\/p>\n\n\n\n<h3 class=\"wp-block-heading\"><strong>User Account and Information<\/strong><\/h3>\n\n\n\n<p>You agree to provide accurate and complete information for your purchases and to update this information as necessary.<\/p>\n\n\n\n<h3 class=\"wp-block-heading\"><strong>Prohibited Uses<\/strong><\/h3>\n\n\n\n<p>You may not use our products or website for any illegal or unauthorized purpose.<\/p>\n\n\n\n<h3 class=\"wp-block-heading\"><strong>Changes to Terms and Conditions<\/strong><\/h3>\n\n\n\n<p>We reserve the right to modify these terms and conditions at any time. Continued use of our website after changes indicates your acceptance of the new terms.<\/p>\n\n\n\n<h3 class=\"wp-block-heading\"><strong>Contact Information<\/strong><\/h3>\n\n\n\n<p>For any questions regarding these terms and conditions, please contact us at <a href=\"mailto:info@smartpokerpro.com\">info@smartpokerpro.com<\/a>.<\/p>\n<\/div><\/div>\n\n<\/div><\/div>","protected":false},"excerpt":{"rendered":"<p>Bedingungen Spielen Sie clever, bleiben Sie informiert: Entdecken Sie die Spielregeln mit den Allgemeinen Gesch\u00e4ftsbedingungen von SmartPokerPro. SmartPokerPro Allgemeine Gesch\u00e4ftsbedingungen Einf\u00fchrung Willkommen bei SmartPokerPro. Durch die Nutzung unserer Website und Dienstleistungen erkl\u00e4ren Sie sich mit diesen Bedingungen einverstanden. Teilnahmeberechtigung Sie m\u00fcssen mindestens 18 Jahre alt sein, um unsere Dienste nutzen zu k\u00f6nnen. Durch die Registrierung oder...<\/p>","protected":false},"author":1,"featured_media":0,"parent":0,"menu_order":0,"comment_status":"closed","ping_status":"closed","template":"","meta":{"_kad_blocks_custom_css":"","_kad_blocks_head_custom_js":"","_kad_blocks_body_custom_js":"","_kad_blocks_footer_custom_js":"","_kad_post_transparent":"","_kad_post_title":"","_kad_post_layout":"","_kad_post_sidebar_id":"","_kad_post_content_style":"","_kad_post_vertical_padding":"","_kad_post_feature":"","_kad_post_feature_position":"","_kad_post_header":false,"_kad_post_footer":false,"_kad_post_classname":"","footnotes":""},"class_list":["post-38708","page","type-page","status-publish","hentry"],"featured_image_src":null,"taxonomy_info":[],"featured_image_src_large":false,"author_info":{"display_name":"didierrieder@gmail.com","author_link":"https:\/\/smartpokerpro.com\/de\/author\/didierriedergmail-com\/"},"comment_info":0,"_links":{"self":[{"href":"https:\/\/smartpokerpro.com\/de\/wp-json\/wp\/v2\/pages\/38708","targetHints":{"allow":["GET"]}}],"collection":[{"href":"https:\/\/smartpokerpro.com\/de\/wp-json\/wp\/v2\/pages"}],"about":[{"href":"https:\/\/smartpokerpro.com\/de\/wp-json\/wp\/v2\/types\/page"}],"author":[{"embeddable":true,"href":"https:\/\/smartpokerpro.com\/de\/wp-json\/wp\/v2\/users\/1"}],"replies":[{"embeddable":true,"href":"https:\/\/smartpokerpro.com\/de\/wp-json\/wp\/v2\/comments?post=38708"}],"version-history":[{"count":1,"href":"https:\/\/smartpokerpro.com\/de\/wp-json\/wp\/v2\/pages\/38708\/revisions"}],"predecessor-version":[{"id":41009,"href":"https:\/\/smartpokerpro.com\/de\/wp-json\/wp\/v2\/pages\/38708\/revisions\/41009"}],"wp:attachment":[{"href":"https:\/\/smartpokerpro.com\/de\/wp-json\/wp\/v2\/media?parent=38708"}],"curies":[{"name":"wp","href":"https:\/\/api.w.org\/{rel}","templated":true}]}}