{"id":36580,"date":"2022-05-29T23:26:41","date_gmt":"2022-05-29T21:26:41","guid":{"rendered":"https:\/\/smartpokerpro.com\/?page_id=36580"},"modified":"2023-11-23T18:47:05","modified_gmt":"2023-11-23T17:47:05","slug":"refund-policy","status":"publish","type":"page","link":"https:\/\/smartpokerpro.com\/es\/politica-de-reembolso\/","title":{"rendered":"Pol\u00edtica de devoluciones"},"content":{"rendered":"<style>.kb-row-layout-wrap.wp-block-kadence-rowlayout.kb-row-layout-id36580_c771df-94{margin-bottom:0px;}.kb-row-layout-id36580_c771df-94 > .kt-row-column-wrap{align-content:start;}:where(.kb-row-layout-id36580_c771df-94 > .kt-row-column-wrap) > .wp-block-kadence-column{justify-content:start;}.kb-row-layout-id36580_c771df-94 > .kt-row-column-wrap{column-gap:var(--global-kb-gap-md, 2rem);row-gap:var(--global-kb-gap-md, 2rem);max-width:var( --global-content-width, 1280px );padding-left:var(--global-content-edge-padding);padding-right:var(--global-content-edge-padding);padding-top:100px;padding-bottom:80px;grid-template-columns:minmax(0, 1fr);}.kb-row-layout-id36580_c771df-94{background-image:url('https:\/\/smartpokerpro.com\/wp-content\/uploads\/2023\/11\/refund-policy-poker.jpg');background-size:cover;background-position:51% 84%;background-attachment:scroll;background-repeat:no-repeat;}.kb-row-layout-id36580_c771df-94 > .kt-row-layout-overlay{opacity:0.60;background-color:var(--global-palette3, #1A202C);}@media all and (max-width: 1024px){.kb-row-layout-id36580_c771df-94 > .kt-row-column-wrap{grid-template-columns:minmax(0, 1fr);}}@media all and (max-width: 767px){.kb-row-layout-id36580_c771df-94 > .kt-row-column-wrap{grid-template-columns:minmax(0, 1fr);}}<\/style><div class=\"kb-row-layout-wrap kb-row-layout-id36580_c771df-94 aligncenter kt-row-has-bg wp-block-kadence-rowlayout\"><div class=\"kt-row-layout-overlay kt-row-overlay-normal\"><\/div><div class=\"kt-row-column-wrap kt-has-1-columns kt-row-layout-equal kt-tab-layout-inherit kt-mobile-layout-row kt-row-valign-top kb-theme-content-width\">\n<style>.kadence-column36580_189dd8-23 > .kt-inside-inner-col,.kadence-column36580_189dd8-23 > .kt-inside-inner-col:before{border-top-left-radius:0px;border-top-right-radius:0px;border-bottom-right-radius:0px;border-bottom-left-radius:0px;}.kadence-column36580_189dd8-23 > .kt-inside-inner-col{column-gap:var(--global-kb-gap-sm, 1rem);}.kadence-column36580_189dd8-23 > .kt-inside-inner-col{flex-direction:column;}.kadence-column36580_189dd8-23 > .kt-inside-inner-col > .aligncenter{width:100%;}.kadence-column36580_189dd8-23 > .kt-inside-inner-col:before{opacity:0.3;}.kadence-column36580_189dd8-23{position:relative;}@media all and (max-width: 1024px){.kadence-column36580_189dd8-23 > .kt-inside-inner-col{flex-direction:column;justify-content:center;}}@media all and (max-width: 767px){.kadence-column36580_189dd8-23 > .kt-inside-inner-col{flex-direction:column;justify-content:center;}}<\/style>\n<div class=\"wp-block-kadence-column kadence-column36580_189dd8-23 inner-column-1\"><div class=\"kt-inside-inner-col\"><style>.wp-block-kadence-advancedheading.kt-adv-heading36580_0d1fe4-8c, .wp-block-kadence-advancedheading.kt-adv-heading36580_0d1fe4-8c[data-kb-block=\"kb-adv-heading36580_0d1fe4-8c\"]{text-align:center;font-style:normal;}.wp-block-kadence-advancedheading.kt-adv-heading36580_0d1fe4-8c mark.kt-highlight, .wp-block-kadence-advancedheading.kt-adv-heading36580_0d1fe4-8c[data-kb-block=\"kb-adv-heading36580_0d1fe4-8c\"] mark.kt-highlight{font-style:normal;color:#f76a0c;-webkit-box-decoration-break:clone;box-decoration-break:clone;padding-top:0px;padding-right:0px;padding-bottom:0px;padding-left:0px;}.wp-block-kadence-advancedheading.kt-adv-heading36580_0d1fe4-8c img.kb-inline-image, .wp-block-kadence-advancedheading.kt-adv-heading36580_0d1fe4-8c[data-kb-block=\"kb-adv-heading36580_0d1fe4-8c\"] img.kb-inline-image{width:150px;vertical-align:baseline;}@media all and (max-width: 767px){.wp-block-kadence-advancedheading.kt-adv-heading36580_0d1fe4-8c, .wp-block-kadence-advancedheading.kt-adv-heading36580_0d1fe4-8c[data-kb-block=\"kb-adv-heading36580_0d1fe4-8c\"]{font-size:42px;}}<\/style>\n<h1 class=\"kt-adv-heading36580_0d1fe4-8c wp-block-kadence-advancedheading has-theme-palette-9-color has-text-color\" data-kb-block=\"kb-adv-heading36580_0d1fe4-8c\">Refund policy<\/h1>\n\n\n<style>.wp-block-kadence-advancedheading.kt-adv-heading36580_90db0c-2c, .wp-block-kadence-advancedheading.kt-adv-heading36580_90db0c-2c[data-kb-block=\"kb-adv-heading36580_90db0c-2c\"]{text-align:center;font-style:normal;}.wp-block-kadence-advancedheading.kt-adv-heading36580_90db0c-2c mark.kt-highlight, .wp-block-kadence-advancedheading.kt-adv-heading36580_90db0c-2c[data-kb-block=\"kb-adv-heading36580_90db0c-2c\"] mark.kt-highlight{font-style:normal;color:#f76a0c;-webkit-box-decoration-break:clone;box-decoration-break:clone;padding-top:0px;padding-right:0px;padding-bottom:0px;padding-left:0px;}.wp-block-kadence-advancedheading.kt-adv-heading36580_90db0c-2c img.kb-inline-image, .wp-block-kadence-advancedheading.kt-adv-heading36580_90db0c-2c[data-kb-block=\"kb-adv-heading36580_90db0c-2c\"] img.kb-inline-image{width:150px;vertical-align:baseline;}<\/style>\n<p class=\"kt-adv-heading36580_90db0c-2c wp-block-kadence-advancedheading has-theme-palette-9-color has-text-color\" data-kb-block=\"kb-adv-heading36580_90db0c-2c\">Your satisfaction is our priority. Learn more about our fair and straightforward refund policy.<\/p>\n<\/div><\/div>\n\n<\/div><\/div>\n\n<style>.kb-row-layout-id36580_aa0cdb-e1 > .kt-row-column-wrap{align-content:start;}:where(.kb-row-layout-id36580_aa0cdb-e1 > .kt-row-column-wrap) > .wp-block-kadence-column{justify-content:start;}.kb-row-layout-id36580_aa0cdb-e1 > .kt-row-column-wrap{column-gap:var(--global-kb-gap-md, 2rem);row-gap:var(--global-kb-gap-md, 2rem);max-width:var( --global-content-width, 1280px );padding-left:var(--global-content-edge-padding);padding-right:var(--global-content-edge-padding);padding-top:100px;padding-bottom:100px;grid-template-columns:minmax(0, 1fr);}.kb-row-layout-id36580_aa0cdb-e1 > .kt-row-layout-overlay{opacity:0.30;}@media all and (max-width: 1024px){.kb-row-layout-id36580_aa0cdb-e1 > .kt-row-column-wrap{grid-template-columns:minmax(0, 1fr);}}@media all and (max-width: 767px){.kb-row-layout-id36580_aa0cdb-e1 > .kt-row-column-wrap{grid-template-columns:minmax(0, 1fr);}}<\/style><div class=\"kb-row-layout-wrap kb-row-layout-id36580_aa0cdb-e1 alignnone wp-block-kadence-rowlayout\"><div class=\"kt-row-column-wrap kt-has-1-columns kt-row-layout-equal kt-tab-layout-inherit kt-mobile-layout-row kt-row-valign-top kb-theme-content-width\">\n<style>.kadence-column36580_196e0f-df > .kt-inside-inner-col,.kadence-column36580_196e0f-df > .kt-inside-inner-col:before{border-top-left-radius:0px;border-top-right-radius:0px;border-bottom-right-radius:0px;border-bottom-left-radius:0px;}.kadence-column36580_196e0f-df > .kt-inside-inner-col{column-gap:var(--global-kb-gap-sm, 1rem);}.kadence-column36580_196e0f-df > .kt-inside-inner-col{flex-direction:column;}.kadence-column36580_196e0f-df > .kt-inside-inner-col > .aligncenter{width:100%;}.kadence-column36580_196e0f-df > .kt-inside-inner-col:before{opacity:0.3;}.kadence-column36580_196e0f-df{position:relative;}@media all and (max-width: 1024px){.kadence-column36580_196e0f-df > .kt-inside-inner-col{flex-direction:column;justify-content:center;}}@media all and (max-width: 767px){.kadence-column36580_196e0f-df > .kt-inside-inner-col{flex-direction:column;justify-content:center;}}<\/style>\n<div class=\"wp-block-kadence-column kadence-column36580_196e0f-df inner-column-1\"><div class=\"kt-inside-inner-col\"><style>.wp-block-kadence-advancedheading.kt-adv-heading36580_f9a87d-7a, .wp-block-kadence-advancedheading.kt-adv-heading36580_f9a87d-7a[data-kb-block=\"kb-adv-heading36580_f9a87d-7a\"]{font-style:normal;}.wp-block-kadence-advancedheading.kt-adv-heading36580_f9a87d-7a mark.kt-highlight, .wp-block-kadence-advancedheading.kt-adv-heading36580_f9a87d-7a[data-kb-block=\"kb-adv-heading36580_f9a87d-7a\"] mark.kt-highlight{font-style:normal;color:#f76a0c;-webkit-box-decoration-break:clone;box-decoration-break:clone;padding-top:0px;padding-right:0px;padding-bottom:0px;padding-left:0px;}.wp-block-kadence-advancedheading.kt-adv-heading36580_f9a87d-7a img.kb-inline-image, .wp-block-kadence-advancedheading.kt-adv-heading36580_f9a87d-7a[data-kb-block=\"kb-adv-heading36580_f9a87d-7a\"] img.kb-inline-image{width:150px;vertical-align:baseline;}<\/style>\n<h2 class=\"kt-adv-heading36580_f9a87d-7a wp-block-kadence-advancedheading\" data-kb-block=\"kb-adv-heading36580_f9a87d-7a\"><strong><strong>SmartPokerPro Refund Policy<\/strong><\/strong><\/h2>\n\n\n\n<h3 class=\"wp-block-heading\"><strong>Introduction<\/strong><\/h3>\n\n\n\n<p>At SmartPokerPro, we are committed to delivering quality products. If you&#8217;re not fully satisfied with your purchase, here&#8217;s our refund policy.<\/p>\n\n\n\n<h3 class=\"wp-block-heading\"><strong>Refund Conditions<\/strong><\/h3>\n\n\n\n<ul class=\"wp-block-list\">\n<li>Refund requests must be made within 14 days of receiving the product.<\/li>\n\n\n\n<li>Items must be returned in their original, unused condition, with tags and in their original packaging.<\/li>\n\n\n\n<li>Return shipping costs are the responsibility of the customer, unless the product is defective or there was an error on our part.<\/li>\n<\/ul>\n\n\n\n<h3 class=\"wp-block-heading\"><strong>Refund Process<\/strong><\/h3>\n\n\n\n<ul class=\"wp-block-list\">\n<li>To request a refund, contact our customer service at <a href=\"mailto:info@smartpokerpro.com\">info@smartpokerpro.com<\/a> with your order number and reason for return.<\/li>\n\n\n\n<li>Upon receipt and inspection of the returned product, we will process your refund within 7-10 business days.<\/li>\n\n\n\n<li>Refunds will be issued to the original payment method used at the time of purchase.<\/li>\n<\/ul>\n\n\n\n<h3 class=\"wp-block-heading\"><strong>Non-Refundable Items<\/strong><\/h3>\n\n\n\n<ul class=\"wp-block-list\">\n<li>Sale or promotional items are not eligible for refunds.<\/li>\n\n\n\n<li>Customized products cannot be returned or refunded.<\/li>\n<\/ul>\n\n\n\n<h3 class=\"wp-block-heading\"><strong>Contact<\/strong><\/h3>\n\n\n\n<p>For any questions regarding our refund policy, please contact us at <a href=\"mailto:info@smartpokerpro.com\">info@smartpokerpro.com<\/a>.<\/p>\n<\/div><\/div>\n\n<\/div><\/div>","protected":false},"excerpt":{"rendered":"<p>Pol\u00edtica de devoluciones Su satisfacci\u00f3n es nuestra prioridad. Obtenga m\u00e1s informaci\u00f3n sobre nuestra pol\u00edtica de reembolso justa y directa. SmartPokerPro Pol\u00edtica de Reembolso Introducci\u00f3n En SmartPokerPro, estamos comprometidos a ofrecer productos de calidad. Si usted no est\u00e1 completamente satisfecho con su compra, aqu\u00ed est\u00e1 nuestra pol\u00edtica de reembolso. Condiciones de Reembolso Proceso de Reembolso Art\u00edculos No Reembolsables Contacto Para cualquier pregunta relacionada con nuestra pol\u00edtica de reembolso,...<\/p>","protected":false},"author":1,"featured_media":0,"parent":0,"menu_order":0,"comment_status":"closed","ping_status":"closed","template":"","meta":{"_kad_blocks_custom_css":"","_kad_blocks_head_custom_js":"","_kad_blocks_body_custom_js":"","_kad_blocks_footer_custom_js":"","_kad_post_transparent":"","_kad_post_title":"","_kad_post_layout":"","_kad_post_sidebar_id":"","_kad_post_content_style":"","_kad_post_vertical_padding":"","_kad_post_feature":"","_kad_post_feature_position":"","_kad_post_header":false,"_kad_post_footer":false,"_kad_post_classname":"","footnotes":""},"class_list":["post-36580","page","type-page","status-publish","hentry"],"featured_image_src":null,"taxonomy_info":[],"featured_image_src_large":false,"author_info":{"display_name":"didierrieder@gmail.com","author_link":"https:\/\/smartpokerpro.com\/es\/author\/didierriedergmail-com\/"},"comment_info":0,"_links":{"self":[{"href":"https:\/\/smartpokerpro.com\/es\/wp-json\/wp\/v2\/pages\/36580","targetHints":{"allow":["GET"]}}],"collection":[{"href":"https:\/\/smartpokerpro.com\/es\/wp-json\/wp\/v2\/pages"}],"about":[{"href":"https:\/\/smartpokerpro.com\/es\/wp-json\/wp\/v2\/types\/page"}],"author":[{"embeddable":true,"href":"https:\/\/smartpokerpro.com\/es\/wp-json\/wp\/v2\/users\/1"}],"replies":[{"embeddable":true,"href":"https:\/\/smartpokerpro.com\/es\/wp-json\/wp\/v2\/comments?post=36580"}],"version-history":[{"count":1,"href":"https:\/\/smartpokerpro.com\/es\/wp-json\/wp\/v2\/pages\/36580\/revisions"}],"predecessor-version":[{"id":41008,"href":"https:\/\/smartpokerpro.com\/es\/wp-json\/wp\/v2\/pages\/36580\/revisions\/41008"}],"wp:attachment":[{"href":"https:\/\/smartpokerpro.com\/es\/wp-json\/wp\/v2\/media?parent=36580"}],"curies":[{"name":"wp","href":"https:\/\/api.w.org\/{rel}","templated":true}]}}