{"id":38026,"date":"2022-10-20T10:21:39","date_gmt":"2022-10-20T08:21:39","guid":{"rendered":"https:\/\/smartpokerpro.com\/shop\/uncategorized\/keep-calm-iphone-case\/"},"modified":"2024-01-08T00:23:31","modified_gmt":"2024-01-07T23:23:31","slug":"keep-calm-iphone-case","status":"publish","type":"product","link":"https:\/\/smartpokerpro.com\/es\/producto\/keep-calm-iphone-case\/","title":{"rendered":"Funda Keep Calm para iPhone"},"content":{"rendered":"<p>Protege tu tel\u00e9fono con estilo usando una funda duradera de doble capa. La carcasa exterior est\u00e1 hecha de policarbonato resistente a los impactos, mientras que el revestimiento interior est\u00e1 hecho de TPU para una m\u00e1xima absorci\u00f3n de impactos. Mant\u00e9n tu tel\u00e9fono a la moda y seguro todo el a\u00f1o. <\/p>\n<p>- Carcasa exterior de policarbonato<br \/>\n- Forro interior de poliuretano termopl\u00e1stico TPU<br \/>\n- Protecci\u00f3n de doble capa<br \/>\n- Aberturas de puerto alineadas con precisi\u00f3n<br \/>\n- Compatible con carga por inducci\u00f3n<br \/>\n- Producto en blanco procedente de Corea<\/p>\n<p>Importante: Este producto s\u00f3lo est\u00e1 disponible en EE.UU., Canad\u00e1, Europa, Reino Unido, Australia y Nueva Zelanda. Si su direcci\u00f3n de env\u00edo est\u00e1 fuera de estas regiones, elija otro producto.<\/p>","protected":false},"excerpt":{"rendered":"<p>Protege tu tel\u00e9fono con estilo usando una funda duradera de doble capa. La carcasa exterior est\u00e1 hecha de policarbonato resistente a los impactos, mientras que el revestimiento interior est\u00e1 hecho de TPU para una m\u00e1xima absorci\u00f3n de impactos. Mant\u00e9n tu tel\u00e9fono a la moda y seguro todo el a\u00f1o. - Carcasa exterior de policarbonato - Forro interior de poliuretano termopl\u00e1stico TPU - Protecci\u00f3n de doble capa - Puertos...<\/p>","protected":false},"featured_media":38042,"template":"","meta":{"_kad_blocks_custom_css":"","_kad_blocks_head_custom_js":"","_kad_blocks_body_custom_js":"","_kad_blocks_footer_custom_js":"","_kad_post_transparent":"","_kad_post_title":"","_kad_post_layout":"","_kad_post_sidebar_id":"","_kad_post_content_style":"","_kad_post_vertical_padding":"","_kad_post_feature":"","_kad_post_feature_position":"","_kad_post_header":false,"_kad_post_footer":false,"_kad_post_classname":""},"product_brand":[],"product_cat":[173],"product_tag":[249],"class_list":{"0":"post-38026","1":"product","2":"type-product","3":"status-publish","4":"has-post-thumbnail","6":"product_cat-poker-accessories","7":"product_tag-keep-calm-and-play-poker","9":"first","10":"instock","11":"shipping-taxable","12":"purchasable","13":"product-type-variable","14":"entry","15":"content-bg","16":"loop-entry"},"taxonomy_info":{"product_cat":[{"value":173,"label":"Poker Accessories"}],"product_tag":[{"value":249,"label":"Keep Calm And Play Poker"}]},"featured_image_src_large":["https:\/\/smartpokerpro.com\/wp-content\/uploads\/2022\/10\/tough-iphone-case-glossy-iphone-14-pro-max-front-63510501e2143-1024x1024.png",1024,1024,true],"author_info":[],"comment_info":"","_links":{"self":[{"href":"https:\/\/smartpokerpro.com\/es\/wp-json\/wp\/v2\/product\/38026","targetHints":{"allow":["GET"]}}],"collection":[{"href":"https:\/\/smartpokerpro.com\/es\/wp-json\/wp\/v2\/product"}],"about":[{"href":"https:\/\/smartpokerpro.com\/es\/wp-json\/wp\/v2\/types\/product"}],"wp:featuredmedia":[{"embeddable":true,"href":"https:\/\/smartpokerpro.com\/es\/wp-json\/wp\/v2\/media\/38042"}],"wp:attachment":[{"href":"https:\/\/smartpokerpro.com\/es\/wp-json\/wp\/v2\/media?parent=38026"}],"wp:term":[{"taxonomy":"product_brand","embeddable":true,"href":"https:\/\/smartpokerpro.com\/es\/wp-json\/wp\/v2\/product_brand?post=38026"},{"taxonomy":"product_cat","embeddable":true,"href":"https:\/\/smartpokerpro.com\/es\/wp-json\/wp\/v2\/product_cat?post=38026"},{"taxonomy":"product_tag","embeddable":true,"href":"https:\/\/smartpokerpro.com\/es\/wp-json\/wp\/v2\/product_tag?post=38026"}],"curies":[{"name":"wp","href":"https:\/\/api.w.org\/{rel}","templated":true}]}}