{"id":38346,"date":"2022-10-21T11:22:38","date_gmt":"2022-10-21T09:22:38","guid":{"rendered":"https:\/\/smartpokerpro.com\/shop\/uncategorized\/i-bought-this-shirt-with-your-money-unisex-t-shirt\/"},"modified":"2022-10-21T11:23:12","modified_gmt":"2022-10-21T09:23:12","slug":"i-bought-this-shirt-with-your-money-unisex-t-shirt","status":"publish","type":"product","link":"https:\/\/smartpokerpro.com\/es\/producto\/he-comprado-esta-camiseta-con-su-dinero-camiseta-unisex\/","title":{"rendered":"He comprado esta camiseta con tu dinero Camiseta unisex"},"content":{"rendered":"<p>Esta camiseta es todo lo que has so\u00f1ado y m\u00e1s. Es suave y ligera, con la cantidad justa de elasticidad. Es c\u00f3moda y favorecedora para todos. <\/p>\n<p>- 100% algod\u00f3n peinado e hilado en anillos (los colores de brezo contienen poli\u00e9ster)<br \/>\n- Peso del tejido: 142 g\/m\u00b2 (4,2 oz\/yd\u00b2)<br \/>\n- Tejido preencogido<br \/>\n- Costura lateral<br \/>\n- Vendaje hombro con hombro<br \/>\n- Producto en blanco procedente de Guatemala, Nicaragua, M\u00e9xico, Honduras o EE.UU.<\/p>\n<p>Este producto se fabrica especialmente para usted en cuanto realiza un pedido, por eso tardamos un poco m\u00e1s en entreg\u00e1rselo. Fabricar productos bajo pedido en lugar de a granel ayuda a reducir la sobreproducci\u00f3n, as\u00ed que \u00a1gracias por tomar decisiones de compra meditadas!<\/p>","protected":false},"excerpt":{"rendered":"<p>Esta camiseta es todo lo que has so\u00f1ado y m\u00e1s. Es suave y ligera, con la cantidad justa de elasticidad. Es c\u00f3moda y favorecedora para todos. - 100% algod\u00f3n peinado e hilado en anillos (los colores de brezo contienen poli\u00e9ster) - Peso del tejido: 142 g\/m\u00b2 - Tejido preencogido - Costuras laterales - Cinta de hombro a hombro - Producto en blanco...<\/p>","protected":false},"featured_media":38358,"template":"","meta":{"_kad_blocks_custom_css":"","_kad_blocks_head_custom_js":"","_kad_blocks_body_custom_js":"","_kad_blocks_footer_custom_js":"","_kad_post_transparent":"","_kad_post_title":"","_kad_post_layout":"","_kad_post_sidebar_id":"","_kad_post_content_style":"","_kad_post_vertical_padding":"","_kad_post_feature":"","_kad_post_feature_position":"","_kad_post_header":false,"_kad_post_footer":false,"_kad_post_classname":""},"product_brand":[],"product_cat":[175],"product_tag":[],"class_list":{"0":"post-38346","1":"product","2":"type-product","3":"status-publish","4":"has-post-thumbnail","6":"product_cat-poker-shirts","8":"first","9":"instock","10":"shipping-taxable","11":"purchasable","12":"product-type-variable","13":"entry","14":"content-bg","15":"loop-entry"},"taxonomy_info":{"product_cat":[{"value":175,"label":"Poker Shirts"}]},"featured_image_src_large":["https:\/\/smartpokerpro.com\/wp-content\/uploads\/2022\/10\/unisex-staple-t-shirt-black-heather-front-635264c6b5406-1024x1024.jpg",1024,1024,true],"author_info":[],"comment_info":"","_links":{"self":[{"href":"https:\/\/smartpokerpro.com\/es\/wp-json\/wp\/v2\/product\/38346","targetHints":{"allow":["GET"]}}],"collection":[{"href":"https:\/\/smartpokerpro.com\/es\/wp-json\/wp\/v2\/product"}],"about":[{"href":"https:\/\/smartpokerpro.com\/es\/wp-json\/wp\/v2\/types\/product"}],"wp:featuredmedia":[{"embeddable":true,"href":"https:\/\/smartpokerpro.com\/es\/wp-json\/wp\/v2\/media\/38358"}],"wp:attachment":[{"href":"https:\/\/smartpokerpro.com\/es\/wp-json\/wp\/v2\/media?parent=38346"}],"wp:term":[{"taxonomy":"product_brand","embeddable":true,"href":"https:\/\/smartpokerpro.com\/es\/wp-json\/wp\/v2\/product_brand?post=38346"},{"taxonomy":"product_cat","embeddable":true,"href":"https:\/\/smartpokerpro.com\/es\/wp-json\/wp\/v2\/product_cat?post=38346"},{"taxonomy":"product_tag","embeddable":true,"href":"https:\/\/smartpokerpro.com\/es\/wp-json\/wp\/v2\/product_tag?post=38346"}],"curies":[{"name":"wp","href":"https:\/\/api.w.org\/{rel}","templated":true}]}}