{"id":38740,"date":"2023-11-26T00:19:05","date_gmt":"2023-11-25T23:19:05","guid":{"rendered":"https:\/\/smartpokerpro.com\/shop\/uncategorized\/never-bluff-a-donkey-t-shirt\/"},"modified":"2024-02-04T11:16:11","modified_gmt":"2024-02-04T10:16:11","slug":"never-bluff-a-donkey-t-shirt","status":"publish","type":"product","link":"https:\/\/smartpokerpro.com\/es\/producto\/never-bluff-a-donkey-t-shirt\/","title":{"rendered":"\"Camiseta \"Never Bluff A Donkey"},"content":{"rendered":"<h4>Por qu\u00e9 esta camiseta te har\u00e1 vibrar:<\/h4>\n<ul>\n<li class=\"translation-block\"><strong>Hilarante verdad:<\/strong> \u00bfAlguna vez has intentado farolear a un burro y has acabado donando tu stack? Esta camiseta captura ese momento facepalm del p\u00f3quer con una carcajada. No es s\u00f3lo una prenda de ropa; es un c\u00f3mic que puedes llevar puesto.<\/li>\n<li class=\"translation-block\"><strong>Epic Conversation Starter:<\/strong> Gear up to be the life of the poker party! This tee sparks stories of misadventures in bluffing that even the most stoic poker faces can\u2019t help but chuckle at.<\/li>\n<li class=\"translation-block\"><strong>Comodidad y risas supremas:<\/strong> Fabricado con el tejido m\u00e1s suave que puede aguantar tus carcajadas. Es la combinaci\u00f3n perfecta de comodidad y comedia, para que te sientas a gusto incluso cuando te est\u00e1n gastando una broma.<\/li>\n<li><strong>MVP de la Noche de P\u00f3quer:<\/strong> Olv\u00eddate de las estrategias de farol; esta camiseta gana la partida al humor. P\u00f3ntela en tu pr\u00f3xima noche de juegos y observa c\u00f3mo reduce la seriedad y aumenta la diversi\u00f3n.<\/li>\n<\/ul>\n<h4>Un homenaje a los errores m\u00e1s divertidos del p\u00f3quer:<\/h4>\n<p>Llevar esta camiseta es como tener una escalera real en el juego del humor del p\u00f3quer. Es un gui\u00f1o a todas esas veces que nos tiramos un farol con confianza contra un burro, s\u00f3lo para que nos llamaran y nos ense\u00f1aran la puerta. Es para los que saben que, a veces, el p\u00f3quer no son s\u00f3lo las cartas, sino las historias inolvidables y las risas que se comparten alrededor de la mesa.<\/p>\n<h4>Por qu\u00e9 lo necesitas ahora:<\/h4>\n<p>Mejora tu vestuario de p\u00f3quer con humor. La camiseta \"Never Bluff a Donkey\" no es s\u00f3lo un consejo; es una verdad de p\u00f3quer envuelta en una carcajada. Perfecta para cualquiera que crea que las noches de p\u00f3quer deben estar llenas de buen rollo y grandes risas.<\/p>\n<h4>Por qu\u00e9 \"Never Bluff a Donkey\" es m\u00e1s que una camiseta: Trilog\u00eda de comedias de p\u00f3quer<\/h4>\n<p>Imagina que entras en tu pr\u00f3xima partida de p\u00f3quer con la camiseta \"Never Bluff a Donkey\". No s\u00f3lo llevar\u00e1s una camiseta, sino toda una declaraci\u00f3n de intenciones: un divertido recordatorio de la regla n\u00famero uno del p\u00f3quer que sale mal. Pero, \u00bfpor qu\u00e9 parar aqu\u00ed? Completa tu colecci\u00f3n de comedias de p\u00f3quer con la camiseta \"<a href=\"https:\/\/smartpokerpro.com\/es\/producto\/donk-vs-pescado-camisa\/\">Donk vs Fish<\/a>&#8220;, &#8220;<a href=\"https:\/\/smartpokerpro.com\/es\/producto\/no-one-cares-what-you-folded-t-shirt\/\">A nadie le importa lo que has doblado<\/a>\" o \"<a href=\"https:\/\/smartpokerpro.com\/es\/producto\/mantener-la-calma-y-jugar-al-poquer-con-camiseta\/\">Keep Calm And Play Poker<\/a>\". No son s\u00f3lo camisetas; son tus imprescindibles de la noche de p\u00f3quer, para que las risas sean tan comunes como las fichas en la mesa.<\/p>\n<p>Cada camiseta aporta su propio sabor al juego. \"Donk vs Fish\" es un gui\u00f1o juguet\u00f3n al eterno enfrentamiento de p\u00f3quer, mientras que \"A nadie le importa lo que has doblado\" es el golpe de realidad que todos necesitamos (aunque quiz\u00e1 no queramos o\u00edrlo). Juntos, crean una trilog\u00eda de humor que resuena en todos los jugadores que alguna vez han hecho una apuesta dudosa o se han retirado de una mano ganadora.<\/p>\n<p>As\u00ed que, la pr\u00f3xima vez que te prepares para una noche de p\u00f3quer, recuerda: no se trata s\u00f3lo de las cartas que te reparten, sino de las risas que compartes. Y con estas camisetas, tendr\u00e1s garantizado ser el alma de la fiesta, aunque tu cara de p\u00f3quer necesite mejorar.<\/p>","protected":false},"excerpt":{"rendered":"<p>Convierte tu sabidur\u00eda sobre el p\u00f3quer en risas con nuestra camiseta \"Never Bluff a Donkey\". Perfecta para los que saben que el p\u00f3quer es tan divertido como ganar. Te garantizamos que ser\u00e1 la prenda m\u00e1s divertida de tu armario.<\/p>","protected":false},"featured_media":39189,"template":"","meta":{"_kad_blocks_custom_css":"","_kad_blocks_head_custom_js":"","_kad_blocks_body_custom_js":"","_kad_blocks_footer_custom_js":"","_kad_post_transparent":"default","_kad_post_title":"","_kad_post_layout":"default","_kad_post_sidebar_id":"","_kad_post_content_style":"default","_kad_post_vertical_padding":"default","_kad_post_feature":"","_kad_post_feature_position":"","_kad_post_header":false,"_kad_post_footer":false,"_kad_post_classname":""},"product_brand":[],"product_cat":[175],"product_tag":[],"class_list":{"0":"post-38740","1":"product","2":"type-product","3":"status-publish","4":"has-post-thumbnail","6":"product_cat-poker-shirts","8":"first","9":"instock","10":"shipping-taxable","11":"purchasable","12":"product-type-variable","13":"entry","14":"content-bg","15":"loop-entry"},"taxonomy_info":{"product_cat":[{"value":175,"label":"Poker Shirts"}]},"featured_image_src_large":["https:\/\/smartpokerpro.com\/wp-content\/uploads\/2023\/12\/tshirt-poker-never-bluff-a-donkey-1024x1024.jpg",1024,1024,true],"author_info":[],"comment_info":"","_links":{"self":[{"href":"https:\/\/smartpokerpro.com\/es\/wp-json\/wp\/v2\/product\/38740","targetHints":{"allow":["GET"]}}],"collection":[{"href":"https:\/\/smartpokerpro.com\/es\/wp-json\/wp\/v2\/product"}],"about":[{"href":"https:\/\/smartpokerpro.com\/es\/wp-json\/wp\/v2\/types\/product"}],"wp:featuredmedia":[{"embeddable":true,"href":"https:\/\/smartpokerpro.com\/es\/wp-json\/wp\/v2\/media\/39189"}],"wp:attachment":[{"href":"https:\/\/smartpokerpro.com\/es\/wp-json\/wp\/v2\/media?parent=38740"}],"wp:term":[{"taxonomy":"product_brand","embeddable":true,"href":"https:\/\/smartpokerpro.com\/es\/wp-json\/wp\/v2\/product_brand?post=38740"},{"taxonomy":"product_cat","embeddable":true,"href":"https:\/\/smartpokerpro.com\/es\/wp-json\/wp\/v2\/product_cat?post=38740"},{"taxonomy":"product_tag","embeddable":true,"href":"https:\/\/smartpokerpro.com\/es\/wp-json\/wp\/v2\/product_tag?post=38740"}],"curies":[{"name":"wp","href":"https:\/\/api.w.org\/{rel}","templated":true}]}}