{"id":39514,"date":"2024-01-04T01:36:30","date_gmt":"2024-01-04T00:36:30","guid":{"rendered":"https:\/\/smartpokerpro.com\/uncategorized\/muerte-flip-flops\/"},"modified":"2024-01-08T00:10:54","modified_gmt":"2024-01-07T23:10:54","slug":"muerte-flip-flops","status":"publish","type":"product","link":"https:\/\/smartpokerpro.com\/es\/producto\/muerte-flip-flops\/","title":{"rendered":"Chanclas Muerte"},"content":{"rendered":"<p>Prep\u00e1rate para un verano aventurero y despreocupado con un par de coloridas zapatillas creadas especialmente para ti. La suela de goma est\u00e1 forrada con un suave tejido para que te sientas c\u00f3moda all\u00e1 donde te lleve el d\u00eda.<\/p>\n<p>- Suela de caucho<br \/>\n- Forro de tejido de poli\u00e9ster personalizable 100%<br \/>\n- Correas de goma negras en forma de Y<br \/>\n- Puntera<\/p>","protected":false},"excerpt":{"rendered":"<p>Prep\u00e1rate para un verano aventurero y despreocupado con un par de coloridas zapatillas creadas especialmente para ti. La suela de goma est\u00e1 forrada con un suave tejido para que te sientas c\u00f3moda all\u00e1 donde te lleve el d\u00eda. - Suela de goma - Forro de tejido de poli\u00e9ster personalizable 100% - Tiras de goma negras en forma de Y - Puntera...<\/p>","protected":false},"featured_media":39518,"template":"","meta":{"_kad_blocks_custom_css":"","_kad_blocks_head_custom_js":"","_kad_blocks_body_custom_js":"","_kad_blocks_footer_custom_js":"","_kad_post_transparent":"","_kad_post_title":"","_kad_post_layout":"","_kad_post_sidebar_id":"","_kad_post_content_style":"","_kad_post_vertical_padding":"","_kad_post_feature":"","_kad_post_feature_position":"","_kad_post_header":false,"_kad_post_footer":false,"_kad_post_classname":""},"product_brand":[],"product_cat":[173],"product_tag":[248],"class_list":{"0":"post-39514","1":"product","2":"type-product","3":"status-publish","4":"has-post-thumbnail","6":"product_cat-poker-accessories","7":"product_tag-muerte","9":"first","10":"instock","11":"shipping-taxable","12":"purchasable","13":"product-type-variable","14":"entry","15":"content-bg","16":"loop-entry"},"taxonomy_info":{"product_cat":[{"value":173,"label":"Poker Accessories"}],"product_tag":[{"value":248,"label":"Muerte"}]},"featured_image_src_large":["https:\/\/smartpokerpro.com\/wp-content\/uploads\/2024\/01\/sublimation-flip-flops-white-top-6595fd75caa68.jpg",1000,1000,false],"author_info":[],"comment_info":"","_links":{"self":[{"href":"https:\/\/smartpokerpro.com\/es\/wp-json\/wp\/v2\/product\/39514","targetHints":{"allow":["GET"]}}],"collection":[{"href":"https:\/\/smartpokerpro.com\/es\/wp-json\/wp\/v2\/product"}],"about":[{"href":"https:\/\/smartpokerpro.com\/es\/wp-json\/wp\/v2\/types\/product"}],"wp:featuredmedia":[{"embeddable":true,"href":"https:\/\/smartpokerpro.com\/es\/wp-json\/wp\/v2\/media\/39518"}],"wp:attachment":[{"href":"https:\/\/smartpokerpro.com\/es\/wp-json\/wp\/v2\/media?parent=39514"}],"wp:term":[{"taxonomy":"product_brand","embeddable":true,"href":"https:\/\/smartpokerpro.com\/es\/wp-json\/wp\/v2\/product_brand?post=39514"},{"taxonomy":"product_cat","embeddable":true,"href":"https:\/\/smartpokerpro.com\/es\/wp-json\/wp\/v2\/product_cat?post=39514"},{"taxonomy":"product_tag","embeddable":true,"href":"https:\/\/smartpokerpro.com\/es\/wp-json\/wp\/v2\/product_tag?post=39514"}],"curies":[{"name":"wp","href":"https:\/\/api.w.org\/{rel}","templated":true}]}}