{"id":40171,"date":"2024-02-04T17:18:08","date_gmt":"2024-02-04T16:18:08","guid":{"rendered":"https:\/\/smartpokerpro.com\/product\/unisex-t-shirt\/"},"modified":"2024-02-04T20:57:10","modified_gmt":"2024-02-04T19:57:10","slug":"i-bought-this-shirt-with-your-money-t-shirt","status":"publish","type":"product","link":"https:\/\/smartpokerpro.com\/es\/producto\/he-comprado-esta-camisa-con-tu-dinero\/","title":{"rendered":"\"Camiseta \"He comprado esta camiseta con tu dinero"},"content":{"rendered":"<h4><strong>Destaca en la mesa de p\u00f3quer:<\/strong><\/h4>\n<p>Esta no es una camiseta de p\u00f3quer divertida cualquiera; es toda una declaraci\u00f3n. El dise\u00f1o \"I Bought This Shirt With Your Money\" es perfecto para los jugadores de p\u00f3quer con buen sentido del humor y un juego fuerte. No es s\u00f3lo una forma de iniciar una conversaci\u00f3n, sino tambi\u00e9n una broma a tus oponentes, record\u00e1ndoles qui\u00e9n manda en la mesa de p\u00f3quer.<\/p>\n<ul>\n<li class=\"translation-block\"><strong>Comodidad de alta calidad:<\/strong> Fabricada con materiales suaves de primera calidad, esta camiseta garantiza la comodidad durante las largas noches de p\u00f3quer y m\u00e1s all\u00e1. Su durabilidad significa que podr\u00e1s presumir de tus victorias en el p\u00f3quer y de esta atrevida declaraci\u00f3n en muchas partidas futuras.<\/li>\n<li class=\"translation-block\"><strong>Estilo vers\u00e1til:<\/strong> Tanto si te est\u00e1s marcando un farol en una partida de altas apuestas como si simplemente sales con los amigos, esta camiseta se adapta a cualquier ocasi\u00f3n informal. Su dise\u00f1o elegante y estilizado combina bien con vaqueros, pantalones cortos o cara de p\u00f3quer.<\/li>\n<li class=\"translation-block\"><strong>Un regalo perfecto para los entusiastas del p\u00f3quer:<\/strong> \u00bfBuscas un regalo que haga sonre\u00edr a un amante del p\u00f3quer? Esta camiseta da en el clavo. Es un regalo ideal para cualquiera que aprecie el esp\u00edritu competitivo del p\u00f3quer y disfrute de un poco de charla en la mesa.<\/li>\n<\/ul>\n<h4>\u00danete al c\u00edrculo de los ganadores<\/h4>\n<p>Ll\u00e9vala con orgullo como insignia de honor, simbolizando tu destreza en el p\u00f3quer y las memorables victorias que te han ayudado a financiarla. Deja que sea la camiseta la que hable mientras t\u00fa te centras en apilar fichas y retirarte cuando sea necesario.<\/p>","protected":false},"excerpt":{"rendered":"<p>Haz una declaraci\u00f3n audaz en la mesa de p\u00f3quer con nuestra camiseta \u201cI Bought This Shirt With Your Money\u201d. Dise\u00f1ada para ofrecer comodidad y estilo, es la forma perfecta de mostrar tus habilidades en el p\u00f3quer y tu sentido del humor.<\/p>","protected":false},"featured_media":40206,"template":"","meta":{"_kad_blocks_custom_css":"","_kad_blocks_head_custom_js":"","_kad_blocks_body_custom_js":"","_kad_blocks_footer_custom_js":"","_kad_post_transparent":"default","_kad_post_title":"","_kad_post_layout":"default","_kad_post_sidebar_id":"","_kad_post_content_style":"default","_kad_post_vertical_padding":"default","_kad_post_feature":"","_kad_post_feature_position":"","_kad_post_header":false,"_kad_post_footer":false,"_kad_post_classname":""},"product_brand":[],"product_cat":[240,175],"product_tag":[],"class_list":{"0":"post-40171","1":"product","2":"type-product","3":"status-publish","4":"has-post-thumbnail","6":"product_cat-new-arrivals","7":"product_cat-poker-shirts","9":"first","10":"instock","11":"shipping-taxable","12":"purchasable","13":"product-type-variable","14":"entry","15":"content-bg","16":"loop-entry"},"taxonomy_info":{"product_cat":[{"value":240,"label":"New arrivals"},{"value":175,"label":"Poker Shirts"}]},"featured_image_src_large":["https:\/\/smartpokerpro.com\/wp-content\/uploads\/2024\/02\/i-bought-this-shirt-with-your-money-tshirt-1024x1024.webp",1024,1024,true],"author_info":[],"comment_info":"","_links":{"self":[{"href":"https:\/\/smartpokerpro.com\/es\/wp-json\/wp\/v2\/product\/40171","targetHints":{"allow":["GET"]}}],"collection":[{"href":"https:\/\/smartpokerpro.com\/es\/wp-json\/wp\/v2\/product"}],"about":[{"href":"https:\/\/smartpokerpro.com\/es\/wp-json\/wp\/v2\/types\/product"}],"wp:featuredmedia":[{"embeddable":true,"href":"https:\/\/smartpokerpro.com\/es\/wp-json\/wp\/v2\/media\/40206"}],"wp:attachment":[{"href":"https:\/\/smartpokerpro.com\/es\/wp-json\/wp\/v2\/media?parent=40171"}],"wp:term":[{"taxonomy":"product_brand","embeddable":true,"href":"https:\/\/smartpokerpro.com\/es\/wp-json\/wp\/v2\/product_brand?post=40171"},{"taxonomy":"product_cat","embeddable":true,"href":"https:\/\/smartpokerpro.com\/es\/wp-json\/wp\/v2\/product_cat?post=40171"},{"taxonomy":"product_tag","embeddable":true,"href":"https:\/\/smartpokerpro.com\/es\/wp-json\/wp\/v2\/product_tag?post=40171"}],"curies":[{"name":"wp","href":"https:\/\/api.w.org\/{rel}","templated":true}]}}