{"id":40208,"date":"2024-02-04T22:51:19","date_gmt":"2024-02-04T21:51:19","guid":{"rendered":"https:\/\/smartpokerpro.com\/product\/im-a-poker-player-whats-your-superpower\/"},"modified":"2024-02-05T17:17:00","modified_gmt":"2024-02-05T16:17:00","slug":"im-a-poker-player-whats-your-superpower","status":"publish","type":"product","link":"https:\/\/smartpokerpro.com\/es\/producto\/im-a-poker-player-whats-your-superpower\/","title":{"rendered":"Camiseta \"Soy jugador de p\u00f3quer. \u00bfCu\u00e1l es tu superpoder?\""},"content":{"rendered":"<h3>Eleve su juego con humor y orgullo<\/h3>\n<p>Descubre la pieza definitiva para todo aficionado al p\u00f3quer con nuestro \"Soy un jugador de p\u00f3quer. \u00bfCu\u00e1l es tu superpoder? . Esta camiseta \u00fanica no es s\u00f3lo ropa; es una insignia de honor para los habilidosos, los estrat\u00e9gicos y los que saben que el p\u00f3quer es mucho m\u00e1s que un juego: es una forma de vida.<\/p>\n<h4>Por qu\u00e9 destaca esta camiseta:<\/h4>\n<ul>\n<li><strong>Declaraci\u00f3n audaz:<\/strong> Perfecta para los que manejan sus habilidades de p\u00f3quer como un superpoder. No es solo una camiseta; es tu nuevo amuleto de la suerte para las noches de juego.<\/li>\n<li><strong>Calidad palpable:<\/strong> Confeccionada con materiales de primera calidad, esta camisa promete comodidad y durabilidad, tanto si est\u00e1s en la mesa como fuera de ella.<\/li>\n<li><strong>Estilo vers\u00e1til<\/strong> Ideal tanto para partidas informales con amigos como para iniciar una conversaci\u00f3n en torneos o incluso fuera de las mesas. Comb\u00ednalo con vaqueros para un look informal o con una chaqueta para salir por la noche.<\/li>\n<\/ul>\n<h4>Imprescindible para los entusiastas del p\u00f3quer:<\/h4>\n<p>Si el p\u00f3quer es tu pasi\u00f3n, esta camiseta es para ti. Es una forma de mostrar tu amor por el juego, provocar conversaciones e incluso intimidar a tus oponentes con tu confianza. Tanto si vas de farol, como si te retiras o vas all-in, esta camiseta lo dice todo sin que tengas que jugar tu mano.<\/p>\n<h4>\u00danete a las filas de los h\u00e9roes del p\u00f3quer:<\/h4>\n<p>Forma parte de un club exclusivo en el que el p\u00f3quer no es s\u00f3lo un juego, es un superpoder. Esta camiseta es m\u00e1s que una prenda de vestir: es un testimonio de tu dedicaci\u00f3n, habilidad y de la comunidad \u00fanica de jugadores de p\u00f3quer de todo el mundo.<\/p>\n<p>&nbsp;<\/p>","protected":false},"excerpt":{"rendered":"<p>Da rienda suelta al h\u00e9roe de p\u00f3quer que llevas dentro con el juego \"Soy un jugador de p\u00f3quer. \u00bfCu\u00e1l es tu superpoder?\" . Haz alarde de tu amor por el juego y de tus habilidades imbatibles con esta camiseta atrevida y c\u00f3moda. Perfecta para cualquier jugador de p\u00f3quer que quiera destacar tanto dentro como fuera de la mesa.<\/p>","protected":false},"featured_media":40220,"template":"","meta":{"_kad_blocks_custom_css":"","_kad_blocks_head_custom_js":"","_kad_blocks_body_custom_js":"","_kad_blocks_footer_custom_js":"","_kad_post_transparent":"default","_kad_post_title":"","_kad_post_layout":"default","_kad_post_sidebar_id":"","_kad_post_content_style":"default","_kad_post_vertical_padding":"default","_kad_post_feature":"","_kad_post_feature_position":"","_kad_post_header":false,"_kad_post_footer":false,"_kad_post_classname":""},"product_brand":[],"product_cat":[240,175],"product_tag":[],"class_list":{"0":"post-40208","1":"product","2":"type-product","3":"status-publish","4":"has-post-thumbnail","6":"product_cat-new-arrivals","7":"product_cat-poker-shirts","9":"first","10":"instock","11":"shipping-taxable","12":"purchasable","13":"product-type-variable","14":"entry","15":"content-bg","16":"loop-entry"},"taxonomy_info":{"product_cat":[{"value":240,"label":"New arrivals"},{"value":175,"label":"Poker Shirts"}]},"featured_image_src_large":["https:\/\/smartpokerpro.com\/wp-content\/uploads\/2024\/02\/poker-superpower-shirt-1024x1024.webp",1024,1024,true],"author_info":[],"comment_info":"","_links":{"self":[{"href":"https:\/\/smartpokerpro.com\/es\/wp-json\/wp\/v2\/product\/40208","targetHints":{"allow":["GET"]}}],"collection":[{"href":"https:\/\/smartpokerpro.com\/es\/wp-json\/wp\/v2\/product"}],"about":[{"href":"https:\/\/smartpokerpro.com\/es\/wp-json\/wp\/v2\/types\/product"}],"wp:featuredmedia":[{"embeddable":true,"href":"https:\/\/smartpokerpro.com\/es\/wp-json\/wp\/v2\/media\/40220"}],"wp:attachment":[{"href":"https:\/\/smartpokerpro.com\/es\/wp-json\/wp\/v2\/media?parent=40208"}],"wp:term":[{"taxonomy":"product_brand","embeddable":true,"href":"https:\/\/smartpokerpro.com\/es\/wp-json\/wp\/v2\/product_brand?post=40208"},{"taxonomy":"product_cat","embeddable":true,"href":"https:\/\/smartpokerpro.com\/es\/wp-json\/wp\/v2\/product_cat?post=40208"},{"taxonomy":"product_tag","embeddable":true,"href":"https:\/\/smartpokerpro.com\/es\/wp-json\/wp\/v2\/product_tag?post=40208"}],"curies":[{"name":"wp","href":"https:\/\/api.w.org\/{rel}","templated":true}]}}