{"id":38740,"date":"2023-11-26T00:19:05","date_gmt":"2023-11-25T23:19:05","guid":{"rendered":"https:\/\/smartpokerpro.com\/shop\/uncategorized\/never-bluff-a-donkey-t-shirt\/"},"modified":"2024-02-04T11:16:11","modified_gmt":"2024-02-04T10:16:11","slug":"never-bluff-a-donkey-t-shirt","status":"publish","type":"product","link":"https:\/\/smartpokerpro.com\/it\/prodotto\/mai-bluffare-un-asino-maglietta\/","title":{"rendered":"\"Maglietta \"Mai bluffare un asino"},"content":{"rendered":"<h4>Perch\u00e9 questa t-shirt vi far\u00e0 scatenare:<\/h4>\n<ul>\n<li class=\"translation-block\"><strong>Esilarante verit\u00e0:<\/strong> Avete mai provato a bluffare un asino e avete finito per donare il vostro stack? Questa maglietta cattura quel momento di smarrimento nel poker con una risata. Non \u00e8 solo un capo d'abbigliamento, ma un fumetto da indossare.<\/li>\n<li class=\"translation-block\"><strong>Epic Conversation Starter:<\/strong> Preparati ad essere l'anima della festa del poker! Questa maglietta fa nascere storie di disavventure in bluff che anche le facce da poker pi\u00f9 stoiche non potranno fare a meno di ridere.<\/li>\n<li class=\"translation-block\"><strong>Comodit\u00e0 e risate estreme:<\/strong> Realizzato con il tessuto pi\u00f9 morbido che resiste alle vostre risate di pancia. \u00c8 la combinazione perfetta di comfort e comicit\u00e0, che vi permetter\u00e0 di essere al riparo anche quando vi prenderanno in giro.<\/li>\n<li><strong>MVP della serata di poker:<\/strong> Dimenticate le strategie di bluff; questa maglietta vince per umorismo. Indossatela alla vostra prossima serata di gioco e osservate come riduce la seriet\u00e0 e aumenta il divertimento.<\/li>\n<\/ul>\n<h4>Un saluto ai passi falsi pi\u00f9 divertenti del poker:<\/h4>\n<p>Indossare questa maglietta \u00e8 come avere in mano una scala reale nel gioco dell'umorismo del poker. \u00c8 un cenno a tutte quelle volte in cui abbiamo bluffato con sicurezza contro un asino, solo per essere chiamati e messi alla porta. \u00c8 per coloro che sanno che a volte il poker non \u00e8 solo una questione di carte, ma anche di storie indimenticabili e di risate condivise intorno al tavolo.<\/p>\n<h4>Perch\u00e9 ne avete bisogno ora:<\/h4>\n<p>Migliorate il vostro guardaroba da poker con l'umorismo. La t-shirt \"Never Bluff a Donkey\" non \u00e8 solo un consiglio, ma una verit\u00e0 sul poker racchiusa in una risata di pancia. Perfetta per tutti coloro che credono che la serata del poker debba essere piena di buone vibrazioni e grandi risate.<\/p>\n<h4>Perch\u00e9 \"Never Bluff a Donkey\" \u00e8 pi\u00f9 di una maglietta: Una trilogia di commedie sul poker<\/h4>\n<p>Immaginate di entrare nella vostra prossima partita di poker indossando la t-shirt \"Never Bluff a Donkey\". Non indosserete solo una maglietta, ma una dichiarazione: un divertente promemoria della regola numero uno del poker che va a rotoli. Ma perch\u00e9 fermarsi qui? Completate la vostra collezione di commedie sul poker con la maglietta \"<a href=\"https:\/\/smartpokerpro.com\/it\/prodotto\/donk-vs-fish-t-shirt\/\">Donk vs Pesce<\/a>&#8220;, &#8220;<a href=\"https:\/\/smartpokerpro.com\/it\/prodotto\/nessuno-si-preoccupa-di-quello-che-hai-piegato-la-maglietta\/\">A nessuno importa cosa hai piegato<\/a>\" o \"<a href=\"https:\/\/smartpokerpro.com\/it\/prodotto\/maglietta-mantieni-la-calma-e-gioca-a-poker\/\">Keep Calm And Play Poker<\/a>\". Non si tratta di semplici magliette, ma di capi essenziali per le serate di poker, per garantire che le risate siano comuni come le fiches sul tavolo.<\/p>\n<p>Ciascuna t-shirt porta il proprio sapore al gioco. \"Donk vs Fish\" \u00e8 un'allusione scherzosa all'eterna resa dei conti del poker, mentre \"No One Cares What You Folded\" \u00e8 la verifica della realt\u00e0 di cui tutti abbiamo bisogno (ma che forse non vogliamo sentire). Insieme, creano una trilogia di umorismo che risuona con ogni giocatore che abbia mai fatto una chiamata discutibile o abbia foldato una mano vincente.<\/p>\n<p>Quindi, la prossima volta che vi preparate per una serata di poker, ricordate: non si tratta solo delle carte che vi vengono date, ma anche delle risate che condividete. E con queste magliette, avrete la garanzia di essere l'anima della festa, anche se la vostra faccia da poker deve essere migliorata.<\/p>","protected":false},"excerpt":{"rendered":"<p>Trasforma la tua saggezza sul poker in una risata con la nostra T-Shirt \"Never Bluff a Donkey\". Perfetta per chi sa che il poker \u00e8 tanto divertente quanto vincente. Garantito che sar\u00e0 il capo pi\u00f9 divertente del vostro guardaroba!<\/p>","protected":false},"featured_media":39189,"template":"","meta":{"_kad_blocks_custom_css":"","_kad_blocks_head_custom_js":"","_kad_blocks_body_custom_js":"","_kad_blocks_footer_custom_js":"","_kad_post_transparent":"default","_kad_post_title":"","_kad_post_layout":"default","_kad_post_sidebar_id":"","_kad_post_content_style":"default","_kad_post_vertical_padding":"default","_kad_post_feature":"","_kad_post_feature_position":"","_kad_post_header":false,"_kad_post_footer":false,"_kad_post_classname":""},"product_brand":[],"product_cat":[175],"product_tag":[],"class_list":{"0":"post-38740","1":"product","2":"type-product","3":"status-publish","4":"has-post-thumbnail","6":"product_cat-poker-shirts","8":"first","9":"instock","10":"shipping-taxable","11":"purchasable","12":"product-type-variable","13":"entry","14":"content-bg","15":"loop-entry"},"taxonomy_info":{"product_cat":[{"value":175,"label":"Poker Shirts"}]},"featured_image_src_large":["https:\/\/smartpokerpro.com\/wp-content\/uploads\/2023\/12\/tshirt-poker-never-bluff-a-donkey-1024x1024.jpg",1024,1024,true],"author_info":[],"comment_info":"","_links":{"self":[{"href":"https:\/\/smartpokerpro.com\/it\/wp-json\/wp\/v2\/product\/38740","targetHints":{"allow":["GET"]}}],"collection":[{"href":"https:\/\/smartpokerpro.com\/it\/wp-json\/wp\/v2\/product"}],"about":[{"href":"https:\/\/smartpokerpro.com\/it\/wp-json\/wp\/v2\/types\/product"}],"wp:featuredmedia":[{"embeddable":true,"href":"https:\/\/smartpokerpro.com\/it\/wp-json\/wp\/v2\/media\/39189"}],"wp:attachment":[{"href":"https:\/\/smartpokerpro.com\/it\/wp-json\/wp\/v2\/media?parent=38740"}],"wp:term":[{"taxonomy":"product_brand","embeddable":true,"href":"https:\/\/smartpokerpro.com\/it\/wp-json\/wp\/v2\/product_brand?post=38740"},{"taxonomy":"product_cat","embeddable":true,"href":"https:\/\/smartpokerpro.com\/it\/wp-json\/wp\/v2\/product_cat?post=38740"},{"taxonomy":"product_tag","embeddable":true,"href":"https:\/\/smartpokerpro.com\/it\/wp-json\/wp\/v2\/product_tag?post=38740"}],"curies":[{"name":"wp","href":"https:\/\/api.w.org\/{rel}","templated":true}]}}