{"id":39488,"date":"2024-01-04T00:57:21","date_gmt":"2024-01-03T23:57:21","guid":{"rendered":"https:\/\/smartpokerpro.com\/uncategorized\/keep-calm-and-play-poker-mug\/"},"modified":"2024-01-08T00:21:13","modified_gmt":"2024-01-07T23:21:13","slug":"keep-calm-and-play-poker-mug","status":"publish","type":"product","link":"https:\/\/smartpokerpro.com\/it\/prodotto\/tazza-mantieni-la-calma-e-gioca-a-poker\/","title":{"rendered":"Tazza Keep Calm And Play Poker"},"content":{"rendered":"<p>Questa credenza essenziale \u00e8 robusta, elegante e perfetta per il caff\u00e8 del mattino o il t\u00e8 del pomeriggio. <\/p>\n<p>- Ceramica<br \/>\n- Dimensioni della tazza da 11 oz: altezza 3,85\u2033 (9,8 cm), diametro 3,35\u2033 (8,5 cm)<br \/>\n- Dimensioni della tazza da 15 oz: altezza 4,7\u2033 (12 cm), diametro 3,35\u2033 (8,5 cm)<br \/>\n- Finitura lucida<br \/>\n- NON lavabile in lavastoviglie o in microonde<br \/>\n- Lavare solo a mano<\/p>","protected":false},"excerpt":{"rendered":"<p>Questa tazza essenziale per la dispensa \u00e8 robusta, elegante e perfetta per il caff\u00e8 del mattino o il t\u00e8 del pomeriggio. - Ceramica - Dimensioni tazza da 11 oz: altezza 3,85\u2033 (9,8 cm), diametro 3,35\u2033 (8,5 cm) - Dimensioni tazza da 15 oz: altezza 4,7\u2033 (12 cm), diametro 3,35\u2033 (8,5 cm) - Finitura lucida - NON lavabile in lavastoviglie o in microonde - Lavabile solo a mano<\/p>","protected":false},"featured_media":39489,"template":"","meta":{"_kad_blocks_custom_css":"","_kad_blocks_head_custom_js":"","_kad_blocks_body_custom_js":"","_kad_blocks_footer_custom_js":"","_kad_post_transparent":"","_kad_post_title":"","_kad_post_layout":"","_kad_post_sidebar_id":"","_kad_post_content_style":"","_kad_post_vertical_padding":"","_kad_post_feature":"","_kad_post_feature_position":"","_kad_post_header":false,"_kad_post_footer":false,"_kad_post_classname":""},"product_brand":[],"product_cat":[173],"product_tag":[249],"class_list":{"0":"post-39488","1":"product","2":"type-product","3":"status-publish","4":"has-post-thumbnail","6":"product_cat-poker-accessories","7":"product_tag-keep-calm-and-play-poker","9":"first","10":"instock","11":"shipping-taxable","12":"purchasable","13":"product-type-simple","14":"entry","15":"content-bg","16":"loop-entry"},"taxonomy_info":{"product_cat":[{"value":173,"label":"Poker Accessories"}],"product_tag":[{"value":249,"label":"Keep Calm And Play Poker"}]},"featured_image_src_large":["https:\/\/smartpokerpro.com\/wp-content\/uploads\/2024\/01\/black-glossy-mug-black-11-oz-handle-on-right-6595f456d9ec2-1024x1024.jpg",1024,1024,true],"author_info":[],"comment_info":"","_links":{"self":[{"href":"https:\/\/smartpokerpro.com\/it\/wp-json\/wp\/v2\/product\/39488","targetHints":{"allow":["GET"]}}],"collection":[{"href":"https:\/\/smartpokerpro.com\/it\/wp-json\/wp\/v2\/product"}],"about":[{"href":"https:\/\/smartpokerpro.com\/it\/wp-json\/wp\/v2\/types\/product"}],"wp:featuredmedia":[{"embeddable":true,"href":"https:\/\/smartpokerpro.com\/it\/wp-json\/wp\/v2\/media\/39489"}],"wp:attachment":[{"href":"https:\/\/smartpokerpro.com\/it\/wp-json\/wp\/v2\/media?parent=39488"}],"wp:term":[{"taxonomy":"product_brand","embeddable":true,"href":"https:\/\/smartpokerpro.com\/it\/wp-json\/wp\/v2\/product_brand?post=39488"},{"taxonomy":"product_cat","embeddable":true,"href":"https:\/\/smartpokerpro.com\/it\/wp-json\/wp\/v2\/product_cat?post=39488"},{"taxonomy":"product_tag","embeddable":true,"href":"https:\/\/smartpokerpro.com\/it\/wp-json\/wp\/v2\/product_tag?post=39488"}],"curies":[{"name":"wp","href":"https:\/\/api.w.org\/{rel}","templated":true}]}}